{"id":249,"date":"2021-03-12T09:49:28","date_gmt":"2021-03-12T09:49:28","guid":{"rendered":"https:\/\/web1.4vlab.org\/?page_id=249"},"modified":"2021-03-13T11:56:22","modified_gmt":"2021-03-13T11:56:22","slug":"como-evitar-el-plastico","status":"publish","type":"page","link":"https:\/\/web1.4vlab.org\/index.php\/como-evitar-el-plastico\/","title":{"rendered":"C\u00f3mo evitar el pl\u00e1stico"},"content":{"rendered":"\t\t<div data-elementor-type=\"wp-page\" data-elementor-id=\"249\" class=\"elementor elementor-249\" data-elementor-settings=\"[]\">\n\t\t\t\t\t\t\t<div class=\"elementor-section-wrap\">\n\t\t\t\t\t\t\t<section class=\"elementor-section elementor-top-section elementor-element elementor-element-45c1a3a elementor-section-boxed elementor-section-height-default elementor-section-height-default\" data-id=\"45c1a3a\" data-element_type=\"section\">\n\t\t\t\t\t\t<div class=\"elementor-container elementor-column-gap-default\">\n\t\t\t\t\t<div class=\"elementor-column elementor-col-100 elementor-top-column elementor-element elementor-element-0a7012d\" data-id=\"0a7012d\" data-element_type=\"column\">\n\t\t\t<div class=\"elementor-widget-wrap elementor-element-populated\">\n\t\t\t\t\t\t\t\t<div class=\"elementor-element elementor-element-ba55217 elementor-align-right elementor-widget elementor-widget-button\" data-id=\"ba55217\" data-element_type=\"widget\" data-widget_type=\"button.default\">\n\t\t\t\t<div class=\"elementor-widget-container\">\n\t\t\t\t\t<div class=\"elementor-button-wrapper\">\n\t\t\t<a href=\"https:\/\/web1.4vlab.org\/\" class=\"elementor-button-link elementor-button elementor-size-sm\" role=\"button\">\n\t\t\t\t\t\t<span class=\"elementor-button-content-wrapper\">\n\t\t\t\t\t\t<span class=\"elementor-button-text\">Volver a inicio<\/span>\n\t\t<\/span>\n\t\t\t\t\t<\/a>\n\t\t<\/div>\n\t\t\t\t<\/div>\n\t\t\t\t<\/div>\n\t\t\t\t<div class=\"elementor-element elementor-element-2ee034c elementor-widget elementor-widget-text-editor\" data-id=\"2ee034c\" data-element_type=\"widget\" data-widget_type=\"text-editor.default\">\n\t\t\t\t<div class=\"elementor-widget-container\">\n\t\t\t\t\t<div class=\"elementor-text-editor elementor-clearfix\"><p>Hay tanto pl\u00e1stico a nuestro alrededor que reducir su uso est\u00e1 chupado. Seg\u00fan donde vivas, tu situaci\u00f3n familiar o econ\u00f3mica se puede complicar m\u00e1s o menos, pero tenemos claro que siempre hay algo por hacer.<\/p><p>Muchas veces cuando nos ponemos un objetivo, como puede ser reducir el uso del pl\u00e1stico desechable, tendemos a pensar en las dificultades en lugar de las cosas m\u00e1s sencillas. \u201cUy, yo no podr\u00eda vivir sin tal producto\u201d nos comentan en muchas ocasiones. Pues muy bien, sigue utiliz\u00e1ndolo. Hay tantos residuos por evitar que no te tienes que quitar nada que para ti sea \u201cfundamental\u201d. Lo importante es empezar, por lo que te resulte m\u00e1s f\u00e1cil. Sin agobios. Nuestras mentes son pl\u00e1sticas, ya las iremos moldeando para seguir evolucionando.<\/p><p>Esto no es una sacrificio. No se trata de todo o nada, sino de hacer lo que buenamente podamos cada uno seg\u00fan nuestras circunstancias. Y siempre hay algo m\u00e1s por hacer.<\/p><p>Nosotros nos lo hemos tomado como un juego donde la meta es el residuo cero. Creemos que nunca vamos a llegar a \u00e9l, pero aprendemos y nos divertimos por el camino.<\/p><p>As\u00ed que t\u00f3matelo como un juego e intenta pasar al siguiente nivel:<\/p><\/div>\n\t\t\t\t<\/div>\n\t\t\t\t<\/div>\n\t\t\t\t\t<\/div>\n\t\t<\/div>\n\t\t\t\t\t\t\t<\/div>\n\t\t<\/section>\n\t\t\t\t<section class=\"elementor-section elementor-top-section elementor-element elementor-element-7912eeb elementor-section-boxed elementor-section-height-default elementor-section-height-default\" data-id=\"7912eeb\" data-element_type=\"section\">\n\t\t\t\t\t\t<div class=\"elementor-container elementor-column-gap-default\">\n\t\t\t\t\t<div class=\"elementor-column elementor-col-100 elementor-top-column elementor-element elementor-element-e27c736\" data-id=\"e27c736\" data-element_type=\"column\">\n\t\t\t<div class=\"elementor-widget-wrap elementor-element-populated\">\n\t\t\t\t\t\t\t\t<div class=\"elementor-element elementor-element-7098d1d elementor-widget elementor-widget-heading\" data-id=\"7098d1d\" data-element_type=\"widget\" data-widget_type=\"heading.default\">\n\t\t\t\t<div class=\"elementor-widget-container\">\n\t\t\t<h2 class=\"elementor-heading-title elementor-size-default\">Nivel I<\/h2>\t\t<\/div>\n\t\t\t\t<\/div>\n\t\t\t\t\t<\/div>\n\t\t<\/div>\n\t\t\t\t\t\t\t<\/div>\n\t\t<\/section>\n\t\t\t\t<section class=\"elementor-section elementor-top-section elementor-element elementor-element-8c52063 elementor-section-boxed elementor-section-height-default elementor-section-height-default\" data-id=\"8c52063\" data-element_type=\"section\">\n\t\t\t\t\t\t<div class=\"elementor-container elementor-column-gap-default\">\n\t\t\t\t\t<div class=\"elementor-column elementor-col-100 elementor-top-column elementor-element elementor-element-e2ab2e3\" data-id=\"e2ab2e3\" data-element_type=\"column\">\n\t\t\t<div class=\"elementor-widget-wrap elementor-element-populated\">\n\t\t\t\t\t\t\t\t<div class=\"elementor-element elementor-element-a161819 elementor-widget elementor-widget-text-editor\" data-id=\"a161819\" data-element_type=\"widget\" data-widget_type=\"text-editor.default\">\n\t\t\t\t<div class=\"elementor-widget-container\">\n\t\t\t\t\t<div class=\"elementor-text-editor elementor-clearfix\"><p><b>Bolsas reutilizables<\/b>. Ya, es un b\u00e1sico, pero s\u00f3lo hay que ir a cualquier tienda o supermercado para darse cuenta que algo est\u00e1 fallando. Acu\u00e9rdate de llevar siempre una bolsa reutilizable en el bolso, mochila o maletero del coche.<\/p><p><b>Evita el sobreenvasado<\/b>. Entre un manojo de pl\u00e1tanos sueltos a uno en una bandeja de poliespan est\u00e1 claro a por cual ir.<\/p><p><b>Evita el agua mineral.<\/b>\u00a0En muchos sitios el agua no sabe tan bien como nos gustar\u00eda, pero siempre puedes buscar alternativas, como filtros o garrafas reutilizables que te lleven a casa. En este caso es dif\u00edcil generalizar pero investiga, a veces hay muchas m\u00e1s opciones de las que te piensas. Y recuerda que aunque los filtros o garrafas sean de pl\u00e1stico no pasa nada, la idea principal es reducir.<\/p><p><b>Reutiliza la bolsas de pl\u00e1stico peque\u00f1as\u00a0<\/b>para comprar la fruta y verdura a granel. \u00bfQui\u00e9n ha dicho que no se pueden volver a utilizar? Igual que reutilizas una grande se puede reutilizar una peque\u00f1a.<\/p><p><b>Elige tama\u00f1os grandes<\/b>\u00a0cuando no tengas m\u00e1s remedio que comprar algo envasado en pl\u00e1stico. Aunque parezca mentira, se generan menos residuos en los envases grandes que en los peque\u00f1os. Eso s\u00ed, que no signifique desperdiciar comida porque perder\u00eda el sentido.<\/p><\/div>\n\t\t\t\t<\/div>\n\t\t\t\t<\/div>\n\t\t\t\t\t<\/div>\n\t\t<\/div>\n\t\t\t\t\t\t\t<\/div>\n\t\t<\/section>\n\t\t\t\t<section class=\"elementor-section elementor-top-section elementor-element elementor-element-15bfbca elementor-section-boxed elementor-section-height-default elementor-section-height-default\" data-id=\"15bfbca\" data-element_type=\"section\">\n\t\t\t\t\t\t<div class=\"elementor-container elementor-column-gap-default\">\n\t\t\t\t\t<div class=\"elementor-column elementor-col-100 elementor-top-column elementor-element elementor-element-ee6eeab\" data-id=\"ee6eeab\" data-element_type=\"column\">\n\t\t\t<div class=\"elementor-widget-wrap elementor-element-populated\">\n\t\t\t\t\t\t\t\t<div class=\"elementor-element elementor-element-72113b1 elementor-widget elementor-widget-heading\" data-id=\"72113b1\" data-element_type=\"widget\" data-widget_type=\"heading.default\">\n\t\t\t\t<div class=\"elementor-widget-container\">\n\t\t\t<h2 class=\"elementor-heading-title elementor-size-default\">Nivel II<\/h2>\t\t<\/div>\n\t\t\t\t<\/div>\n\t\t\t\t\t<\/div>\n\t\t<\/div>\n\t\t\t\t\t\t\t<\/div>\n\t\t<\/section>\n\t\t\t\t<section class=\"elementor-section elementor-top-section elementor-element elementor-element-c03584b elementor-section-boxed elementor-section-height-default elementor-section-height-default\" data-id=\"c03584b\" data-element_type=\"section\">\n\t\t\t\t\t\t<div class=\"elementor-container elementor-column-gap-default\">\n\t\t\t\t\t<div class=\"elementor-column elementor-col-100 elementor-top-column elementor-element elementor-element-62433fa\" data-id=\"62433fa\" data-element_type=\"column\">\n\t\t\t<div class=\"elementor-widget-wrap elementor-element-populated\">\n\t\t\t\t\t\t\t\t<div class=\"elementor-element elementor-element-3822413 elementor-widget elementor-widget-text-editor\" data-id=\"3822413\" data-element_type=\"widget\" data-widget_type=\"text-editor.default\">\n\t\t\t\t<div class=\"elementor-widget-container\">\n\t\t\t\t\t<div class=\"elementor-text-editor elementor-clearfix\"><p><b>Compra todo lo posible a granel<\/b>. No hace falta tener una tienda \u201ctercera generaci\u00f3n\u201d al lado de casa. La venta a granel es mucho m\u00e1s habitual de lo que pensamos. Ve a mercados, tiendas de barrio y pregunta. Te sorprender\u00e1s de la cantidad de opciones que tienes y desconoc\u00edas.<\/p><p><b>Sin pajita, por favor<\/b>. Por suerte la gran mayor\u00eda de las personas podemos beber directamente del vaso \u00bfpara que utilizar una pajita? Suelen ser de pl\u00e1stico e innecesarias, simplemente tendremos que adelantarnos y pedir nuestra bebida \u201csin pajita\u201d.<\/p><p><b>Evita los establecimientos poco sostenibles.<\/b>\u00a0Hay sitios en los que teniendo sitios para comer o tomarte algo sentado te ponen todo en desechables. Seguro que hay otro al lado que tiene una vajilla reutilizable.<\/p><p><b>Busca alternativas reutilizables.\u00a0<\/b>Si eres de tomar caf\u00e9 para llevar, hazte con una taza reutilizable. Si te gusta beber con pajita hazte con una de vidrio, o metal. Por suerte todos los desechables tiene una alternativa reutilizable.<\/p><p><b>Si no queda otra, elige papel o vidrio.\u00a0<\/b>Cuando compres algo envasado, elige envases de vidrio o papel en lugar de pl\u00e1stico. No es la opci\u00f3n ideal, pero por lo menos se reciclan m\u00e1s f\u00e1cilmente y si acaban en el medio ambiente no son \u00a0tan problem\u00e1ticos.<\/p><\/div>\n\t\t\t\t<\/div>\n\t\t\t\t<\/div>\n\t\t\t\t\t<\/div>\n\t\t<\/div>\n\t\t\t\t\t\t\t<\/div>\n\t\t<\/section>\n\t\t\t\t<section class=\"elementor-section elementor-top-section elementor-element elementor-element-4e667ba elementor-section-boxed elementor-section-height-default elementor-section-height-default\" data-id=\"4e667ba\" data-element_type=\"section\">\n\t\t\t\t\t\t<div class=\"elementor-container elementor-column-gap-default\">\n\t\t\t\t\t<div class=\"elementor-column elementor-col-100 elementor-top-column elementor-element elementor-element-2c44d83\" data-id=\"2c44d83\" data-element_type=\"column\">\n\t\t\t<div class=\"elementor-widget-wrap elementor-element-populated\">\n\t\t\t\t\t\t\t\t<div class=\"elementor-element elementor-element-ed1e771 elementor-widget elementor-widget-heading\" data-id=\"ed1e771\" data-element_type=\"widget\" data-widget_type=\"heading.default\">\n\t\t\t\t<div class=\"elementor-widget-container\">\n\t\t\t<h2 class=\"elementor-heading-title elementor-size-default\">Nivel III<\/h2>\t\t<\/div>\n\t\t\t\t<\/div>\n\t\t\t\t\t<\/div>\n\t\t<\/div>\n\t\t\t\t\t\t\t<\/div>\n\t\t<\/section>\n\t\t\t\t<section class=\"elementor-section elementor-top-section elementor-element elementor-element-838d3e8 elementor-section-boxed elementor-section-height-default elementor-section-height-default\" data-id=\"838d3e8\" data-element_type=\"section\">\n\t\t\t\t\t\t<div class=\"elementor-container elementor-column-gap-default\">\n\t\t\t\t\t<div class=\"elementor-column elementor-col-100 elementor-top-column elementor-element elementor-element-f99cf12\" data-id=\"f99cf12\" data-element_type=\"column\">\n\t\t\t<div class=\"elementor-widget-wrap elementor-element-populated\">\n\t\t\t\t\t\t\t\t<div class=\"elementor-element elementor-element-f1a9f51 elementor-widget elementor-widget-text-editor\" data-id=\"f1a9f51\" data-element_type=\"widget\" data-widget_type=\"text-editor.default\">\n\t\t\t\t<div class=\"elementor-widget-container\">\n\t\t\t\t\t<div class=\"elementor-text-editor elementor-clearfix\"><p><b>Hazte con unas bolsas peque\u00f1as<\/b>\u00a0de tela para comprar a granel. Es algo tan sencillo que no sabemos como no es m\u00e1s habitual. Con estas bolsas no te hace falta coger ninguna bolsa m\u00e1s, por peque\u00f1a que sea. Creemos que no queda mucho para que llegue el d\u00eda en el que compran con ellas sea lo \u201cnormal\u201d.<\/p><p><b>Di adi\u00f3s al gel y jabones l\u00edquidos<\/b>. Una pastilla de jab\u00f3n natural es igual o m\u00e1s efectiva. S\u00f3lo hay que dar con la que te venga bien.<\/p><p><b>Utiliza aceites en lugar de cremas hidratantes.<\/b>\u00a0Nosotros con aceite de coco, de almendras dulces, de jojoba y de rosa mosqueta (que vienen en envase de vidrio y cunden una barbaridad) tenemos suficiente.<\/p><p><b>Di no a todos lo que no necesites<\/b>. Qu\u00e9 man\u00eda tienen por ah\u00ed de regalarnos cosas que no necesitamos, regalos promocionales como bol\u00edgrafos que nunca vamos a utilizar. Un \u201cno gracias\u201d con una sonrisa es de lo m\u00e1s efectivo.<\/p><p><b>Utiliza esponjas de lufa<\/b>. Tanto para la ducha como para fregar la vajilla. Son naturales y biodegradables. Menos microfibras por el desag\u00fce.<\/p><\/div>\n\t\t\t\t<\/div>\n\t\t\t\t<\/div>\n\t\t\t\t\t<\/div>\n\t\t<\/div>\n\t\t\t\t\t\t\t<\/div>\n\t\t<\/section>\n\t\t\t\t<section class=\"elementor-section elementor-top-section elementor-element elementor-element-8d49310 elementor-section-boxed elementor-section-height-default elementor-section-height-default\" data-id=\"8d49310\" data-element_type=\"section\">\n\t\t\t\t\t\t<div class=\"elementor-container elementor-column-gap-default\">\n\t\t\t\t\t<div class=\"elementor-column elementor-col-100 elementor-top-column elementor-element elementor-element-d06df95\" data-id=\"d06df95\" data-element_type=\"column\">\n\t\t\t<div class=\"elementor-widget-wrap elementor-element-populated\">\n\t\t\t\t\t\t\t\t<div class=\"elementor-element elementor-element-025c56b elementor-widget elementor-widget-heading\" data-id=\"025c56b\" data-element_type=\"widget\" data-widget_type=\"heading.default\">\n\t\t\t\t<div class=\"elementor-widget-container\">\n\t\t\t<h2 class=\"elementor-heading-title elementor-size-default\">Nivel IV<\/h2>\t\t<\/div>\n\t\t\t\t<\/div>\n\t\t\t\t\t<\/div>\n\t\t<\/div>\n\t\t\t\t\t\t\t<\/div>\n\t\t<\/section>\n\t\t\t\t<section class=\"elementor-section elementor-top-section elementor-element elementor-element-9b93c09 elementor-section-boxed elementor-section-height-default elementor-section-height-default\" data-id=\"9b93c09\" data-element_type=\"section\">\n\t\t\t\t\t\t<div class=\"elementor-container elementor-column-gap-default\">\n\t\t\t\t\t<div class=\"elementor-column elementor-col-100 elementor-top-column elementor-element elementor-element-62e8aff\" data-id=\"62e8aff\" data-element_type=\"column\">\n\t\t\t<div class=\"elementor-widget-wrap elementor-element-populated\">\n\t\t\t\t\t\t\t\t<div class=\"elementor-element elementor-element-5a32454 elementor-widget elementor-widget-text-editor\" data-id=\"5a32454\" data-element_type=\"widget\" data-widget_type=\"text-editor.default\">\n\t\t\t\t<div class=\"elementor-widget-container\">\n\t\t\t\t\t<div class=\"elementor-text-editor elementor-clearfix\"><p><b>Guarda tus residuos semanalmente.\u00a0<\/b>As\u00ed te har\u00e1s una idea de cu\u00e1ntos pl\u00e1sticos est\u00e1s desechando realmente. Si en el trabajo tiras una cucharilla de pl\u00e1stico, por la calle una botella y en casa sacas la bolsa de reciclar dos veces a la semana, no ser\u00e1s realmente consciente de cu\u00e1nto pl\u00e1stico desechable utilizas. Ser consciente de los residuos que generas, te servir\u00e1 de impulso para ir mejorando semana a semana.<\/p><p><b>El champ\u00fa se puede conseguir en pastillas s\u00f3lidas.\u00a0<\/b>Como lo oyes, muchas personas piensan que las pastillas de jab\u00f3n s\u00f3lidas son s\u00f3lo para manos y cuerpo pero tambi\u00e9n se pueden encontrar f\u00e1cilmente champ\u00fas en formato s\u00f3lido que adem\u00e1s de ahorrarte envases, ahorrar\u00e1n un mont\u00f3n de emisiones.<\/p><p><b>Haz tus propios cosm\u00e9ticos.<\/b>\u00a0Puede parecer extremo pero te aseguramos que no lo es. Hacer tu propia pasta de dientes, enjuague bucal o desodorante es muy sencillo y en ocasiones mucho m\u00e1s efectivo que sus alternativas convencionales. Investiga en internet y te sorprender\u00e1s con la cantidad de soluciones que encuentras.<\/p><p><b>Haz tus propios productos de limpieza.\u00a0<\/b>Pasa igual que con los cosm\u00e9ticos: no necesitamos tantos. Actualmente en los supermercados puedes encontrar un producto de limpieza espec\u00edfico para cada parte de la casa. \u00bfRealmente crees que necesitamos tanto? Con vinagre, bicarbonato, jab\u00f3n y lim\u00f3n puedes limpiar pr\u00e1cticamente de todo.<\/p><p><b>Haz tu propio compost.\u00a0<\/b>Puede que suene raro pero es un proceso de lo m\u00e1s sencillo y no huele mal. Evitar\u00e1s que un mont\u00f3n de residuos org\u00e1nicos lleguen al vertedero y generen metano (un gas que contribuye 15 veces m\u00e1s al efecto invernadero que el CO2). Adem\u00e1s, \u00a1tendr\u00e1s un abono excelente para tus plantas! Si no te ves preparada\/o, siempre puedes llevarlos a alg\u00fan huerto urbano para que ellos los aprovechen.<\/p><\/div>\n\t\t\t\t<\/div>\n\t\t\t\t<\/div>\n\t\t\t\t\t<\/div>\n\t\t<\/div>\n\t\t\t\t\t\t\t<\/div>\n\t\t<\/section>\n\t\t\t\t<section class=\"elementor-section elementor-top-section elementor-element elementor-element-a27caf3 elementor-section-boxed elementor-section-height-default elementor-section-height-default\" data-id=\"a27caf3\" data-element_type=\"section\">\n\t\t\t\t\t\t<div class=\"elementor-container elementor-column-gap-default\">\n\t\t\t\t\t<div class=\"elementor-column elementor-col-100 elementor-top-column elementor-element elementor-element-083853e\" data-id=\"083853e\" data-element_type=\"column\">\n\t\t\t<div class=\"elementor-widget-wrap elementor-element-populated\">\n\t\t\t\t\t\t\t\t<div class=\"elementor-element elementor-element-e08d029 elementor-widget elementor-widget-heading\" data-id=\"e08d029\" data-element_type=\"widget\" data-widget_type=\"heading.default\">\n\t\t\t\t<div class=\"elementor-widget-container\">\n\t\t\t<h2 class=\"elementor-heading-title elementor-size-default\">Nivel V<\/h2>\t\t<\/div>\n\t\t\t\t<\/div>\n\t\t\t\t\t<\/div>\n\t\t<\/div>\n\t\t\t\t\t\t\t<\/div>\n\t\t<\/section>\n\t\t\t\t<section class=\"elementor-section elementor-top-section elementor-element elementor-element-cdaeee4 elementor-section-boxed elementor-section-height-default elementor-section-height-default\" data-id=\"cdaeee4\" data-element_type=\"section\">\n\t\t\t\t\t\t<div class=\"elementor-container elementor-column-gap-default\">\n\t\t\t\t\t<div class=\"elementor-column elementor-col-100 elementor-top-column elementor-element elementor-element-4f9918c\" data-id=\"4f9918c\" data-element_type=\"column\">\n\t\t\t<div class=\"elementor-widget-wrap elementor-element-populated\">\n\t\t\t\t\t\t\t\t<div class=\"elementor-element elementor-element-d0fa5ca elementor-widget elementor-widget-text-editor\" data-id=\"d0fa5ca\" data-element_type=\"widget\" data-widget_type=\"text-editor.default\">\n\t\t\t\t<div class=\"elementor-widget-container\">\n\t\t\t\t\t<div class=\"elementor-text-editor elementor-clearfix\"><p><b>Recoge pl\u00e1sticos en la naturaleza.<\/b>&nbsp;Aunque no hayas sido t\u00fa qui\u00e9n los ha dejado all\u00ed directamente, recoger basura de sitios naturales puede salvar la vida de muchos animales, adem\u00e1s, estar\u00e1s lanzando un mensaje muy claro a las personas que te vean.<\/p>\n<p><b>Conciencia a tu comunidad, amigos y familia.<\/b>&nbsp;No es cuesti\u00f3n de dar la chapa pero s\u00ed de informar. Expl\u00edcales por qu\u00e9 has empezado a cambiar tus h\u00e1bitos y c\u00f3mo no es tan dif\u00edcil como parece. \u00bfConoces alg\u00fan adicto al caf\u00e9 para llevar? Reg\u00e1lale por su cumplea\u00f1os una taza termo reutilizable. \u00bfAlguien que siempre compra en la oficina una botella de agua? Dale una de vidrio que pueda rellenar todas las veces que haga falta. \u00a1Adem\u00e1s es mucho mejor para su salud!<\/p>\n<p><b>Escribe y qu\u00e9jate.&nbsp;<\/b>Si ves una empresa que abusa del pl\u00e1stico desechable sistem\u00e1ticamente, escr\u00edbeles, habla con ellos y dale opciones para que cambien. Si somos muchas personas las que lo hacemos, probablemente se replanteen el uso que hacen de pl\u00e1sticos desechables.<\/p>\n<p><b>Lleva tus fiambreras para comprar.&nbsp;<\/b>Puede que te miren raro la primera vez (hemos pasado por eso) pero la tercera vez que vayas te servir\u00e1n con toda la naturalidad del mundo. Es m\u00e1s recomendable probar en tiendas peque\u00f1as de barrio que en grandes supermercados donde pueden tener un mont\u00f3n de normas.<\/p>\n<p><b>Aunque los productos sean duraderos, intenta evitar el pl\u00e1stico.&nbsp;<\/b>Antes de comprar un objeto de pl\u00e1stico preg\u00fantate si realmente lo necesitas. Si es as\u00ed \u00bfpodr\u00edas conseguirlo de segunda mano? Y si no \u00bfpuedes encontrar el mismo producto fabricado en otro material? Si la respuesta sigue siendo negativa, inf\u00f3rmate de empresas que tengan un compromiso social y ambiental real. Una vez tengas el producto, cu\u00eddalo, rep\u00e1ralo cuando sea necesario y hazlo durar.<\/p><\/div>\n\t\t\t\t<\/div>\n\t\t\t\t<\/div>\n\t\t\t\t\t<\/div>\n\t\t<\/div>\n\t\t\t\t\t\t\t<\/div>\n\t\t<\/section>\n\t\t\t\t<section class=\"elementor-section elementor-top-section elementor-element elementor-element-026be68 elementor-section-boxed elementor-section-height-default elementor-section-height-default\" data-id=\"026be68\" data-element_type=\"section\">\n\t\t\t\t\t\t<div class=\"elementor-container elementor-column-gap-default\">\n\t\t\t\t\t<div class=\"elementor-column elementor-col-100 elementor-top-column elementor-element elementor-element-3ec658c\" data-id=\"3ec658c\" data-element_type=\"column\">\n\t\t\t<div class=\"elementor-widget-wrap elementor-element-populated\">\n\t\t\t\t\t\t\t\t<div class=\"elementor-element elementor-element-65d3b8b elementor-align-right elementor-widget elementor-widget-button\" data-id=\"65d3b8b\" data-element_type=\"widget\" data-widget_type=\"button.default\">\n\t\t\t\t<div class=\"elementor-widget-container\">\n\t\t\t\t\t<div class=\"elementor-button-wrapper\">\n\t\t\t<a href=\"https:\/\/web1.4vlab.org\/\" class=\"elementor-button-link elementor-button elementor-size-sm\" role=\"button\">\n\t\t\t\t\t\t<span class=\"elementor-button-content-wrapper\">\n\t\t\t\t\t\t<span class=\"elementor-button-text\">Volver a inicio<\/span>\n\t\t<\/span>\n\t\t\t\t\t<\/a>\n\t\t<\/div>\n\t\t\t\t<\/div>\n\t\t\t\t<\/div>\n\t\t\t\t\t<\/div>\n\t\t<\/div>\n\t\t\t\t\t\t\t<\/div>\n\t\t<\/section>\n\t\t\t\t\t\t<\/div>\n\t\t\t\t\t<\/div>\n\t\t","protected":false},"excerpt":{"rendered":"<p>Volver a inicio Hay tanto pl\u00e1stico a nuestro alrededor que reducir su uso est\u00e1 chupado. Seg\u00fan donde vivas, tu situaci\u00f3n familiar o econ\u00f3mica se puede complicar m\u00e1s o menos, pero tenemos claro que siempre hay algo por hacer. Muchas veces cuando nos ponemos un objetivo, como puede ser reducir el uso del pl\u00e1stico desechable, tendemos &hellip; <\/p>\n","protected":false},"author":3,"featured_media":0,"parent":0,"menu_order":0,"comment_status":"closed","ping_status":"closed","template":"","meta":{"footnotes":""},"class_list":["post-249","page","type-page","status-publish","hentry"],"_links":{"self":[{"href":"https:\/\/web1.4vlab.org\/index.php\/wp-json\/wp\/v2\/pages\/249","targetHints":{"allow":["GET"]}}],"collection":[{"href":"https:\/\/web1.4vlab.org\/index.php\/wp-json\/wp\/v2\/pages"}],"about":[{"href":"https:\/\/web1.4vlab.org\/index.php\/wp-json\/wp\/v2\/types\/page"}],"author":[{"embeddable":true,"href":"https:\/\/web1.4vlab.org\/index.php\/wp-json\/wp\/v2\/users\/3"}],"replies":[{"embeddable":true,"href":"https:\/\/web1.4vlab.org\/index.php\/wp-json\/wp\/v2\/comments?post=249"}],"version-history":[{"count":17,"href":"https:\/\/web1.4vlab.org\/index.php\/wp-json\/wp\/v2\/pages\/249\/revisions"}],"predecessor-version":[{"id":583,"href":"https:\/\/web1.4vlab.org\/index.php\/wp-json\/wp\/v2\/pages\/249\/revisions\/583"}],"wp:attachment":[{"href":"https:\/\/web1.4vlab.org\/index.php\/wp-json\/wp\/v2\/media?parent=249"}],"curies":[{"name":"wp","href":"https:\/\/api.w.org\/{rel}","templated":true}]}}