{"id":599,"date":"2021-03-14T11:48:23","date_gmt":"2021-03-14T11:48:23","guid":{"rendered":"https:\/\/web1.4vlab.org\/?page_id=599"},"modified":"2021-03-14T12:10:34","modified_gmt":"2021-03-14T12:10:34","slug":"vivir-con-menos-plastico","status":"publish","type":"page","link":"https:\/\/web1.4vlab.org\/index.php\/vivir-con-menos-plastico\/","title":{"rendered":"\u00bfC\u00f3mo vivir con menos pl\u00e1stico?"},"content":{"rendered":"\t\t<div data-elementor-type=\"wp-page\" data-elementor-id=\"599\" class=\"elementor elementor-599\" data-elementor-settings=\"[]\">\n\t\t\t\t\t\t\t<div class=\"elementor-section-wrap\">\n\t\t\t\t\t\t\t<section class=\"elementor-section elementor-top-section elementor-element elementor-element-1b949a4 elementor-section-boxed elementor-section-height-default elementor-section-height-default\" data-id=\"1b949a4\" data-element_type=\"section\">\n\t\t\t\t\t\t<div class=\"elementor-container elementor-column-gap-default\">\n\t\t\t\t\t<div class=\"elementor-column elementor-col-100 elementor-top-column elementor-element elementor-element-5bf0ef3\" data-id=\"5bf0ef3\" data-element_type=\"column\">\n\t\t\t<div class=\"elementor-widget-wrap elementor-element-populated\">\n\t\t\t\t\t\t\t\t<div class=\"elementor-element elementor-element-f819c1d elementor-align-right elementor-widget elementor-widget-button\" data-id=\"f819c1d\" data-element_type=\"widget\" data-widget_type=\"button.default\">\n\t\t\t\t<div class=\"elementor-widget-container\">\n\t\t\t\t\t<div class=\"elementor-button-wrapper\">\n\t\t\t<a href=\"https:\/\/web1.4vlab.org\/\" class=\"elementor-button-link elementor-button elementor-size-sm\" role=\"button\">\n\t\t\t\t\t\t<span class=\"elementor-button-content-wrapper\">\n\t\t\t\t\t\t<span class=\"elementor-button-text\">Volver a inicio<\/span>\n\t\t<\/span>\n\t\t\t\t\t<\/a>\n\t\t<\/div>\n\t\t\t\t<\/div>\n\t\t\t\t<\/div>\n\t\t\t\t<div class=\"elementor-element elementor-element-c4b9250 elementor-widget elementor-widget-text-editor\" data-id=\"c4b9250\" data-element_type=\"widget\" data-widget_type=\"text-editor.default\">\n\t\t\t\t<div class=\"elementor-widget-container\">\n\t\t\t\t\t<div class=\"elementor-text-editor elementor-clearfix\"><p>\u00ab\u00bfY yo qu\u00e9 puedo hacer?\u00bb Nos pregunta a veces alg\u00fan amigo o familiar cuando hablamos del pl\u00e1stico. Nos suelen decir: \u201cYo no soy como vosotros\u201d (forma educada de decir que somos unos \u201cbichos raros\u201d) o \u00abdadme trucos f\u00e1ciles que me permitan reducir el pl\u00e1stico sin cambiar mi forma de comprar, sin tener que complicarme la vida\u201d (lo que significa, sin salir del supermercado).<\/p><p>Esta entrada va para los esc\u00e9pticos y vamos a intentar aplicar el\u00a0<strong>Principio de Pareto, o de 80\/20<\/strong>. Este concepto indica que implementando pocos cambios (20%) se consiguen gran parte de los resultados (80%)<strong>.<\/strong>\u00a0Los consejos que vamos a dar<strong>\u00a0los puede aplicar cualquier persona, por muy poco concienciada que est\u00e9, sin apenas esfuerzo<\/strong>\u00a0y pueden suponer una gran reducci\u00f3n de residuos:<\/p><\/div>\n\t\t\t\t<\/div>\n\t\t\t\t<\/div>\n\t\t\t\t\t<\/div>\n\t\t<\/div>\n\t\t\t\t\t\t\t<\/div>\n\t\t<\/section>\n\t\t\t\t<section class=\"elementor-section elementor-top-section elementor-element elementor-element-e89e9e0 elementor-section-boxed elementor-section-height-default elementor-section-height-default\" data-id=\"e89e9e0\" data-element_type=\"section\">\n\t\t\t\t\t\t<div class=\"elementor-container elementor-column-gap-default\">\n\t\t\t\t\t<div class=\"elementor-column elementor-col-100 elementor-top-column elementor-element elementor-element-55c8237\" data-id=\"55c8237\" data-element_type=\"column\">\n\t\t\t<div class=\"elementor-widget-wrap elementor-element-populated\">\n\t\t\t\t\t\t\t\t<div class=\"elementor-element elementor-element-c6c7a0f elementor-widget elementor-widget-heading\" data-id=\"c6c7a0f\" data-element_type=\"widget\" data-widget_type=\"heading.default\">\n\t\t\t\t<div class=\"elementor-widget-container\">\n\t\t\t<h2 class=\"elementor-heading-title elementor-size-default\">Compra comida con menos pl\u00e1stico<\/h2>\t\t<\/div>\n\t\t\t\t<\/div>\n\t\t\t\t\t<\/div>\n\t\t<\/div>\n\t\t\t\t\t\t\t<\/div>\n\t\t<\/section>\n\t\t\t\t<section class=\"elementor-section elementor-top-section elementor-element elementor-element-9acd481 elementor-section-boxed elementor-section-height-default elementor-section-height-default\" data-id=\"9acd481\" data-element_type=\"section\">\n\t\t\t\t\t\t<div class=\"elementor-container elementor-column-gap-default\">\n\t\t\t\t\t<div class=\"elementor-column elementor-col-100 elementor-top-column elementor-element elementor-element-dfe4df0\" data-id=\"dfe4df0\" data-element_type=\"column\">\n\t\t\t<div class=\"elementor-widget-wrap elementor-element-populated\">\n\t\t\t\t\t\t\t\t<div class=\"elementor-element elementor-element-731a986 elementor-widget elementor-widget-text-editor\" data-id=\"731a986\" data-element_type=\"widget\" data-widget_type=\"text-editor.default\">\n\t\t\t\t<div class=\"elementor-widget-container\">\n\t\t\t\t\t<div class=\"elementor-text-editor elementor-clearfix\"><p>Por suerte, comemos todos los d\u00edas. Una buena parte de nuestros residuos pl\u00e1sticos provienen del envasado de los alimentos y es es aqu\u00ed donde tenemos que centrarnos<\/p><ul><li><strong>Lleva tus propias bolsas<\/strong>, o un carro para cargar la compra hasta casa. Acost\u00fambrate a\u00a0<strong>guardar alguna bolsa en la mochila,\u00a0<\/strong>en el bolso para compras inesperadas. Este es un b\u00e1sico muy b\u00e1sico, pero es incre\u00edble la cantidad de personas que sigue utilizando bolsas desechables.<\/li><\/ul><ul><li><strong>Evita el sobreenvasado.\u00a0<\/strong>Por suerte, todos los productos sobreenvasados tienen una alternativa. Adem\u00e1s, estos son los productos menos sanos que podemos encontrar en el supermercado, por lo que tenemos una raz\u00f3n de m\u00e1s para evitarlos.<\/li><li><strong>Compra todo lo que puedas a granel<\/strong>. Incluso en un supermercado hay productos que se pueden comprar sueltos como la fruta y la verdura. Muchos supermercados ya venden\u00a0<strong>bolsas reutilizables peque\u00f1as para comprar a granel.<\/strong>\u00a0Con ellas puedes salvar much\u00edsimas bolsas desechables. Si no quieres hacerte con estas bolsas, reutiliza las bolsas de pl\u00e1stico peque\u00f1as hasta que no den m\u00e1s de s\u00ed porque \u00bfqui\u00e9n ha dicho que solo se pueden reutilizar las grandes?<\/li><\/ul><p>Las frutas y verduras grandes no tienes ni porque ponerlas en bolsas. En el caso de que tengas que pesarlas, puedes poner la pegatina sobre el producto y punto (por ejemplo, si compras un solo pimiento, o una lombarda)<\/p><\/div>\n\t\t\t\t<\/div>\n\t\t\t\t<\/div>\n\t\t\t\t\t<\/div>\n\t\t<\/div>\n\t\t\t\t\t\t\t<\/div>\n\t\t<\/section>\n\t\t\t\t<section class=\"elementor-section elementor-top-section elementor-element elementor-element-8f81a47 elementor-section-boxed elementor-section-height-default elementor-section-height-default\" data-id=\"8f81a47\" data-element_type=\"section\">\n\t\t\t\t\t\t<div class=\"elementor-container elementor-column-gap-default\">\n\t\t\t\t\t<div class=\"elementor-column elementor-col-100 elementor-top-column elementor-element elementor-element-f79c313\" data-id=\"f79c313\" data-element_type=\"column\">\n\t\t\t<div class=\"elementor-widget-wrap elementor-element-populated\">\n\t\t\t\t\t\t\t\t<div class=\"elementor-element elementor-element-493e126 elementor-widget elementor-widget-image\" data-id=\"493e126\" data-element_type=\"widget\" data-widget_type=\"image.default\">\n\t\t\t\t<div class=\"elementor-widget-container\">\n\t\t\t\t\t<div class=\"elementor-image\">\n\t\t\t\t\t\t\t\t\t\t<img loading=\"lazy\" decoding=\"async\" width=\"1000\" height=\"540\" src=\"https:\/\/web1.4vlab.org\/wp-content\/uploads\/2021\/03\/procesados_web-1000x540.jpg\" class=\"attachment-blossom-fashion-fullwidth size-blossom-fashion-fullwidth\" alt=\"\" \/>\t\t\t\t\t\t\t\t\t\t\t<\/div>\n\t\t\t\t<\/div>\n\t\t\t\t<\/div>\n\t\t\t\t\t<\/div>\n\t\t<\/div>\n\t\t\t\t\t\t\t<\/div>\n\t\t<\/section>\n\t\t\t\t<section class=\"elementor-section elementor-top-section elementor-element elementor-element-58ba7e9 elementor-section-boxed elementor-section-height-default elementor-section-height-default\" data-id=\"58ba7e9\" data-element_type=\"section\">\n\t\t\t\t\t\t<div class=\"elementor-container elementor-column-gap-default\">\n\t\t\t\t\t<div class=\"elementor-column elementor-col-100 elementor-top-column elementor-element elementor-element-0d4f416\" data-id=\"0d4f416\" data-element_type=\"column\">\n\t\t\t<div class=\"elementor-widget-wrap elementor-element-populated\">\n\t\t\t\t\t\t\t\t<div class=\"elementor-element elementor-element-2d938ef elementor-widget elementor-widget-text-editor\" data-id=\"2d938ef\" data-element_type=\"widget\" data-widget_type=\"text-editor.default\">\n\t\t\t\t<div class=\"elementor-widget-container\">\n\t\t\t\t\t<div class=\"elementor-text-editor elementor-clearfix\"><ul><li><strong>Reduce o, mejor, evita, los productos procesados.<\/strong>\u00a0Adem\u00e1s de no ser buenos para tu salud, suelen venir envasados.<\/li><\/ul><ul><li>Cuando compres algo envasado, elige si es posible que venga envasado en\u00a0<strong>papel o<\/strong>\u00a0<strong>vidrio en lugar de pl\u00e1stico<\/strong>, como por ejemplo el aceite, el arroz, o los yogures. Tanto el vidrio como el papel se reciclan mejor, por lo que es m\u00e1s f\u00e1cil que se reciclen y m\u00e1s dif\u00edcil que acaben en el medioambiente.<\/li><li>Si compras productos envasados en pl\u00e1stico y los consumes a menudo,\u00a0<strong>opta por los tama\u00f1os grandes<\/strong>, en proporci\u00f3n usan menos pl\u00e1stico que los productos peque\u00f1os.\u00a0<strong>Evita tambi\u00e9n las monodosis y los productos individualmente empaquetado<\/strong>s.<\/li><li><strong>Bebida.\u00a0<\/strong>Si eres de los que bebe agua embotellada, hazte con un\u00a0<strong>filtro de agua<\/strong>. Piensa en la cantidad de residuos que puedes reducir en un a\u00f1o (\u00a1o en una vida!). Adem\u00e1s del dinero que puedes ahorrar a largo plazo.<\/li><\/ul><\/div>\n\t\t\t\t<\/div>\n\t\t\t\t<\/div>\n\t\t\t\t\t<\/div>\n\t\t<\/div>\n\t\t\t\t\t\t\t<\/div>\n\t\t<\/section>\n\t\t\t\t<section class=\"elementor-section elementor-top-section elementor-element elementor-element-99de615 elementor-section-boxed elementor-section-height-default elementor-section-height-default\" data-id=\"99de615\" data-element_type=\"section\">\n\t\t\t\t\t\t<div class=\"elementor-container elementor-column-gap-default\">\n\t\t\t\t\t<div class=\"elementor-column elementor-col-100 elementor-top-column elementor-element elementor-element-748acc8\" data-id=\"748acc8\" data-element_type=\"column\">\n\t\t\t<div class=\"elementor-widget-wrap elementor-element-populated\">\n\t\t\t\t\t\t\t\t<div class=\"elementor-element elementor-element-0e4451c elementor-widget elementor-widget-heading\" data-id=\"0e4451c\" data-element_type=\"widget\" data-widget_type=\"heading.default\">\n\t\t\t\t<div class=\"elementor-widget-container\">\n\t\t\t<h2 class=\"elementor-heading-title elementor-size-default\">Limpieza del hogar<\/h2>\t\t<\/div>\n\t\t\t\t<\/div>\n\t\t\t\t\t<\/div>\n\t\t<\/div>\n\t\t\t\t\t\t\t<\/div>\n\t\t<\/section>\n\t\t\t\t<section class=\"elementor-section elementor-top-section elementor-element elementor-element-40b6847 elementor-section-boxed elementor-section-height-default elementor-section-height-default\" data-id=\"40b6847\" data-element_type=\"section\">\n\t\t\t\t\t\t<div class=\"elementor-container elementor-column-gap-default\">\n\t\t\t\t\t<div class=\"elementor-column elementor-col-100 elementor-top-column elementor-element elementor-element-6a0e7a4\" data-id=\"6a0e7a4\" data-element_type=\"column\">\n\t\t\t<div class=\"elementor-widget-wrap elementor-element-populated\">\n\t\t\t\t\t\t\t\t<div class=\"elementor-element elementor-element-2ab5560 elementor-widget elementor-widget-text-editor\" data-id=\"2ab5560\" data-element_type=\"widget\" data-widget_type=\"text-editor.default\">\n\t\t\t\t<div class=\"elementor-widget-container\">\n\t\t\t\t\t<div class=\"elementor-text-editor elementor-clearfix\"><p>Despu\u00e9s de la comida, uno de los usos dom\u00e9sticos donde m\u00e1s pl\u00e1sticos desechamos es en la limpieza. Aqu\u00ed tampoco hay f\u00f3rmulas m\u00e1gicas que te libren de ellos pero s\u00ed unas normas b\u00e1sicas para reducirlos a la mitad \u00a1o m\u00e1s!<\/p><ul><li><strong>Simplifica<\/strong>. Menos productos significan menos envases desechables. No tiene sentido que compremos un producto espec\u00edfico para cada parte de la casa. Adem\u00e1s, hay art\u00edculos a los que nos hemos acostumbrado a usar que son completamente innecesarios. Es el caso de los suavizantes. \u00a1Deshazte de ellos! y, cuando los uses, hazlo de forma inteligente: siempre tendemos a poner m\u00e1s cantidad de la recomendada.<\/li><\/ul><\/div>\n\t\t\t\t<\/div>\n\t\t\t\t<\/div>\n\t\t\t\t\t<\/div>\n\t\t<\/div>\n\t\t\t\t\t\t\t<\/div>\n\t\t<\/section>\n\t\t\t\t<section class=\"elementor-section elementor-top-section elementor-element elementor-element-0234548 elementor-section-boxed elementor-section-height-default elementor-section-height-default\" data-id=\"0234548\" data-element_type=\"section\">\n\t\t\t\t\t\t<div class=\"elementor-container elementor-column-gap-default\">\n\t\t\t\t\t<div class=\"elementor-column elementor-col-100 elementor-top-column elementor-element elementor-element-523f48f\" data-id=\"523f48f\" data-element_type=\"column\">\n\t\t\t<div class=\"elementor-widget-wrap elementor-element-populated\">\n\t\t\t\t\t\t\t\t<div class=\"elementor-element elementor-element-94ce838 elementor-widget elementor-widget-heading\" data-id=\"94ce838\" data-element_type=\"widget\" data-widget_type=\"heading.default\">\n\t\t\t\t<div class=\"elementor-widget-container\">\n\t\t\t<h2 class=\"elementor-heading-title elementor-size-default\">Cosm\u00e9tica y limpieza corporal<\/h2>\t\t<\/div>\n\t\t\t\t<\/div>\n\t\t\t\t\t<\/div>\n\t\t<\/div>\n\t\t\t\t\t\t\t<\/div>\n\t\t<\/section>\n\t\t\t\t<section class=\"elementor-section elementor-top-section elementor-element elementor-element-20ac99c elementor-section-boxed elementor-section-height-default elementor-section-height-default\" data-id=\"20ac99c\" data-element_type=\"section\">\n\t\t\t\t\t\t<div class=\"elementor-container elementor-column-gap-default\">\n\t\t\t\t\t<div class=\"elementor-column elementor-col-100 elementor-top-column elementor-element elementor-element-935d0a4\" data-id=\"935d0a4\" data-element_type=\"column\">\n\t\t\t<div class=\"elementor-widget-wrap elementor-element-populated\">\n\t\t\t\t\t\t\t\t<div class=\"elementor-element elementor-element-0949477 elementor-widget elementor-widget-text-editor\" data-id=\"0949477\" data-element_type=\"widget\" data-widget_type=\"text-editor.default\">\n\t\t\t\t<div class=\"elementor-widget-container\">\n\t\t\t\t\t<div class=\"elementor-text-editor elementor-clearfix\"><ul><li><strong>Reduce<\/strong>\u00a0los productos a lo m\u00e1s b\u00e1sico. Mismo problema, misma soluci\u00f3n.\u00a0<strong>No necesitamos tantos cosm\u00e9ticos<\/strong>. Mantenernos limpios e hidratados no tiene por qu\u00e9 suponer acumular decenas de envases en el ba\u00f1o.<\/li><li><strong>Huye de las toallitas.<\/strong>\u00a0Son un monstruo que no queremos en nuestra vida. Hay productos prescindibles que no necesitamos y, adem\u00e1s, nos har\u00e1n ahorrar mucho dinero.<\/li><li>Busca alternativas en\u00a0<strong>formato s\u00f3lido<\/strong>. Por ejemplo, en lugar de jab\u00f3n l\u00edquido para las manos, compra una pastilla de jab\u00f3n. En el caso de champ\u00fa, tambi\u00e9n se puede encontrar en formato s\u00f3lido (y ya se encuentran en algunos supermercados).<\/li><\/ul><p>Si est\u00e1s leyendo esto, seguramente no seas una de estas personas que no se plantea reducir el uso de pl\u00e1stico desechable, pero seguro que en tu grupo de amigos y familiares hay m\u00e1s de unx con este pensamiento. As\u00ed que, por favor,\u00a0 si te viene el nombre de alguien a la cabeza, haz que lea esto. \u00bfQui\u00e9n no podr\u00eda implementar unas medidas tan sencillas?\u00a0<\/p><\/div>\n\t\t\t\t<\/div>\n\t\t\t\t<\/div>\n\t\t\t\t\t<\/div>\n\t\t<\/div>\n\t\t\t\t\t\t\t<\/div>\n\t\t<\/section>\n\t\t\t\t<section class=\"elementor-section elementor-top-section elementor-element elementor-element-ede5fc8 elementor-section-boxed elementor-section-height-default elementor-section-height-default\" data-id=\"ede5fc8\" data-element_type=\"section\">\n\t\t\t\t\t\t<div class=\"elementor-container elementor-column-gap-default\">\n\t\t\t\t\t<div class=\"elementor-column elementor-col-100 elementor-top-column elementor-element elementor-element-d9ff3c3\" data-id=\"d9ff3c3\" data-element_type=\"column\">\n\t\t\t<div class=\"elementor-widget-wrap elementor-element-populated\">\n\t\t\t\t\t\t\t\t<div class=\"elementor-element elementor-element-8325976 elementor-align-right elementor-widget elementor-widget-button\" data-id=\"8325976\" data-element_type=\"widget\" data-widget_type=\"button.default\">\n\t\t\t\t<div class=\"elementor-widget-container\">\n\t\t\t\t\t<div class=\"elementor-button-wrapper\">\n\t\t\t<a href=\"https:\/\/web1.4vlab.org\/\" class=\"elementor-button-link elementor-button elementor-size-sm\" role=\"button\">\n\t\t\t\t\t\t<span class=\"elementor-button-content-wrapper\">\n\t\t\t\t\t\t<span class=\"elementor-button-text\">Volver a inicio<\/span>\n\t\t<\/span>\n\t\t\t\t\t<\/a>\n\t\t<\/div>\n\t\t\t\t<\/div>\n\t\t\t\t<\/div>\n\t\t\t\t\t<\/div>\n\t\t<\/div>\n\t\t\t\t\t\t\t<\/div>\n\t\t<\/section>\n\t\t\t\t\t\t<\/div>\n\t\t\t\t\t<\/div>\n\t\t","protected":false},"excerpt":{"rendered":"<p>Volver a inicio \u00ab\u00bfY yo qu\u00e9 puedo hacer?\u00bb Nos pregunta a veces alg\u00fan amigo o familiar cuando hablamos del pl\u00e1stico. Nos suelen decir: \u201cYo no soy como vosotros\u201d (forma educada de decir que somos unos \u201cbichos raros\u201d) o \u00abdadme trucos f\u00e1ciles que me permitan reducir el pl\u00e1stico sin cambiar mi forma de comprar, sin tener &hellip; <\/p>\n","protected":false},"author":2,"featured_media":0,"parent":0,"menu_order":0,"comment_status":"closed","ping_status":"closed","template":"","meta":{"footnotes":""},"class_list":["post-599","page","type-page","status-publish","hentry"],"_links":{"self":[{"href":"https:\/\/web1.4vlab.org\/index.php\/wp-json\/wp\/v2\/pages\/599","targetHints":{"allow":["GET"]}}],"collection":[{"href":"https:\/\/web1.4vlab.org\/index.php\/wp-json\/wp\/v2\/pages"}],"about":[{"href":"https:\/\/web1.4vlab.org\/index.php\/wp-json\/wp\/v2\/types\/page"}],"author":[{"embeddable":true,"href":"https:\/\/web1.4vlab.org\/index.php\/wp-json\/wp\/v2\/users\/2"}],"replies":[{"embeddable":true,"href":"https:\/\/web1.4vlab.org\/index.php\/wp-json\/wp\/v2\/comments?post=599"}],"version-history":[{"count":17,"href":"https:\/\/web1.4vlab.org\/index.php\/wp-json\/wp\/v2\/pages\/599\/revisions"}],"predecessor-version":[{"id":621,"href":"https:\/\/web1.4vlab.org\/index.php\/wp-json\/wp\/v2\/pages\/599\/revisions\/621"}],"wp:attachment":[{"href":"https:\/\/web1.4vlab.org\/index.php\/wp-json\/wp\/v2\/media?parent=599"}],"curies":[{"name":"wp","href":"https:\/\/api.w.org\/{rel}","templated":true}]}}