{"id":894,"date":"2021-03-18T18:49:21","date_gmt":"2021-03-18T18:49:21","guid":{"rendered":"https:\/\/web1.4vlab.org\/?page_id=894"},"modified":"2021-03-18T18:49:32","modified_gmt":"2021-03-18T18:49:32","slug":"cepillo-de-dientes-biodegradable","status":"publish","type":"page","link":"https:\/\/web1.4vlab.org\/index.php\/cepillo-de-dientes-biodegradable\/","title":{"rendered":"CEPILLO DE DIENTES BIODEGRADABLE"},"content":{"rendered":"\t\t<div data-elementor-type=\"wp-page\" data-elementor-id=\"894\" class=\"elementor elementor-894\" data-elementor-settings=\"[]\">\n\t\t\t\t\t\t\t<div class=\"elementor-section-wrap\">\n\t\t\t\t\t\t\t<section class=\"elementor-section elementor-top-section elementor-element elementor-element-b2c3639 elementor-section-boxed elementor-section-height-default elementor-section-height-default\" data-id=\"b2c3639\" data-element_type=\"section\">\n\t\t\t\t\t\t<div class=\"elementor-container elementor-column-gap-default\">\n\t\t\t\t\t<div class=\"elementor-column elementor-col-100 elementor-top-column elementor-element elementor-element-84e24c6\" data-id=\"84e24c6\" data-element_type=\"column\">\n\t\t\t<div class=\"elementor-widget-wrap elementor-element-populated\">\n\t\t\t\t\t\t\t\t<div class=\"elementor-element elementor-element-822b1f6 elementor-widget elementor-widget-text-editor\" data-id=\"822b1f6\" data-element_type=\"widget\" data-widget_type=\"text-editor.default\">\n\t\t\t\t<div class=\"elementor-widget-container\">\n\t\t\t\t\t<div class=\"elementor-text-editor elementor-clearfix\"><p>Este cepillo de dientes\u00a0<strong>natural y sostenible<\/strong>\u00a0es apto para veganos, est\u00e1 fabricado en bamb\u00fa biodegradable y las cerdas son de Nylon 6. \u00a1Es el complemento perfecto para acompa\u00f1ar tu pasta de dientes natural Pure Freshness!\u00a0<strong>Elaborado en bamb\u00fa<\/strong>, una planta con una inigualable capacidad de crecimiento, flexible y resistente con\u00a0<strong>propiedades antibacterianas<\/strong>\u00a0que ayudan a evitar la proliferaci\u00f3n de bacterias y hongos, lo convierten en el material id\u00f3neo para sustituir el uso de pl\u00e1sticos. El\u00a0<strong>Nylon 6<\/strong>\u00a0por su parte cuenta con el mayor \u00edndice de biodegradabilidad para fabricar las cerdas del cepillo sin necesidad de hacer uso de pelo animal. El packaging del cepillo de dientes Pure Freshness Toothbrush es libre de pl\u00e1sticos,\u00a0<strong>100% reciclable y compostable<\/strong>.\u00a0La mejor opci\u00f3n para tu sonrisa y la del planeta.<\/p><p>Su\u00a0<strong>dise\u00f1o ergon\u00f3mico<\/strong>\u00a0es perfecto para retirar todo tipo de residuos, su cabezal permite llegar a todos los rincones de la boca y sus\u00a0<strong>cerdas flexibles de dureza media,<\/strong>\u00a0consiguen un cepillado efectivo y placentero.\u00a0El Pure Freshness Toothbrush es la\u00a0<strong>alternativa sostenible<\/strong>\u00a0a los tradicionales cepillos de dientes de pl\u00e1stico. Comb\u00ednalo con la Pasta De Dientes Pure Freshness para conseguir una mucosa y membrana bucal saludable.<\/p><p>Resistente al agua | Antibacteriano | Apto para veganos | Apto para embarazadas<\/p><\/div>\n\t\t\t\t<\/div>\n\t\t\t\t<\/div>\n\t\t\t\t\t<\/div>\n\t\t<\/div>\n\t\t\t\t\t\t\t<\/div>\n\t\t<\/section>\n\t\t\t\t<section class=\"elementor-section elementor-top-section elementor-element elementor-element-cdb166e elementor-section-boxed elementor-section-height-default elementor-section-height-default\" data-id=\"cdb166e\" data-element_type=\"section\">\n\t\t\t\t\t\t<div class=\"elementor-container elementor-column-gap-default\">\n\t\t\t\t\t<div class=\"elementor-column elementor-col-33 elementor-top-column elementor-element elementor-element-57a8798\" data-id=\"57a8798\" data-element_type=\"column\">\n\t\t\t<div class=\"elementor-widget-wrap elementor-element-populated\">\n\t\t\t\t\t\t\t\t<div class=\"elementor-element elementor-element-f059188 elementor-widget elementor-widget-image\" data-id=\"f059188\" data-element_type=\"widget\" data-widget_type=\"image.default\">\n\t\t\t\t<div class=\"elementor-widget-container\">\n\t\t\t\t\t<div class=\"elementor-image\">\n\t\t\t\t\t\t\t\t\t\t<img loading=\"lazy\" decoding=\"async\" width=\"839\" height=\"600\" src=\"https:\/\/web1.4vlab.org\/wp-content\/uploads\/2021\/03\/21.02.01-Product-Photo-Refresh1041-Recovered.jpg\" class=\"attachment-large size-large\" alt=\"\" srcset=\"https:\/\/web1.4vlab.org\/wp-content\/uploads\/2021\/03\/21.02.01-Product-Photo-Refresh1041-Recovered.jpg 839w, https:\/\/web1.4vlab.org\/wp-content\/uploads\/2021\/03\/21.02.01-Product-Photo-Refresh1041-Recovered-300x215.jpg 300w, https:\/\/web1.4vlab.org\/wp-content\/uploads\/2021\/03\/21.02.01-Product-Photo-Refresh1041-Recovered-768x549.jpg 768w, https:\/\/web1.4vlab.org\/wp-content\/uploads\/2021\/03\/21.02.01-Product-Photo-Refresh1041-Recovered-84x60.jpg 84w, https:\/\/web1.4vlab.org\/wp-content\/uploads\/2021\/03\/21.02.01-Product-Photo-Refresh1041-Recovered-600x429.jpg 600w\" sizes=\"auto, (max-width: 839px) 100vw, 839px\" \/>\t\t\t\t\t\t\t\t\t\t\t<\/div>\n\t\t\t\t<\/div>\n\t\t\t\t<\/div>\n\t\t\t\t\t<\/div>\n\t\t<\/div>\n\t\t\t\t<div class=\"elementor-column elementor-col-33 elementor-top-column elementor-element elementor-element-017d813\" data-id=\"017d813\" data-element_type=\"column\">\n\t\t\t<div class=\"elementor-widget-wrap elementor-element-populated\">\n\t\t\t\t\t\t\t\t<div class=\"elementor-element elementor-element-0e2fc9a elementor-widget elementor-widget-image\" data-id=\"0e2fc9a\" data-element_type=\"widget\" data-widget_type=\"image.default\">\n\t\t\t\t<div class=\"elementor-widget-container\">\n\t\t\t\t\t<div class=\"elementor-image\">\n\t\t\t\t\t\t\t\t\t\t<img loading=\"lazy\" decoding=\"async\" width=\"300\" height=\"266\" src=\"https:\/\/web1.4vlab.org\/wp-content\/uploads\/2021\/03\/brush-boxes-300x266.png\" class=\"attachment-medium size-medium\" alt=\"\" srcset=\"https:\/\/web1.4vlab.org\/wp-content\/uploads\/2021\/03\/brush-boxes-300x266.png 300w, https:\/\/web1.4vlab.org\/wp-content\/uploads\/2021\/03\/brush-boxes-68x60.png 68w, https:\/\/web1.4vlab.org\/wp-content\/uploads\/2021\/03\/brush-boxes-600x532.png 600w, https:\/\/web1.4vlab.org\/wp-content\/uploads\/2021\/03\/brush-boxes.png 677w\" sizes=\"auto, (max-width: 300px) 100vw, 300px\" \/>\t\t\t\t\t\t\t\t\t\t\t<\/div>\n\t\t\t\t<\/div>\n\t\t\t\t<\/div>\n\t\t\t\t\t<\/div>\n\t\t<\/div>\n\t\t\t\t<div class=\"elementor-column elementor-col-33 elementor-top-column elementor-element elementor-element-b10dd3c\" data-id=\"b10dd3c\" data-element_type=\"column\">\n\t\t\t<div class=\"elementor-widget-wrap elementor-element-populated\">\n\t\t\t\t\t\t\t\t<div class=\"elementor-element elementor-element-29a16cd elementor-widget elementor-widget-image\" data-id=\"29a16cd\" data-element_type=\"widget\" data-widget_type=\"image.default\">\n\t\t\t\t<div class=\"elementor-widget-container\">\n\t\t\t\t\t<div class=\"elementor-image\">\n\t\t\t\t\t\t\t\t\t\t<img loading=\"lazy\" decoding=\"async\" width=\"300\" height=\"222\" src=\"https:\/\/web1.4vlab.org\/wp-content\/uploads\/2021\/03\/20.08.09-Brush-PDP-1-2-300x222.jpg\" class=\"attachment-medium size-medium\" alt=\"\" srcset=\"https:\/\/web1.4vlab.org\/wp-content\/uploads\/2021\/03\/20.08.09-Brush-PDP-1-2-300x222.jpg 300w, https:\/\/web1.4vlab.org\/wp-content\/uploads\/2021\/03\/20.08.09-Brush-PDP-1-2-81x60.jpg 81w, https:\/\/web1.4vlab.org\/wp-content\/uploads\/2021\/03\/20.08.09-Brush-PDP-1-2-600x445.jpg 600w, https:\/\/web1.4vlab.org\/wp-content\/uploads\/2021\/03\/20.08.09-Brush-PDP-1-2.jpg 711w\" sizes=\"auto, (max-width: 300px) 100vw, 300px\" \/>\t\t\t\t\t\t\t\t\t\t\t<\/div>\n\t\t\t\t<\/div>\n\t\t\t\t<\/div>\n\t\t\t\t\t<\/div>\n\t\t<\/div>\n\t\t\t\t\t\t\t<\/div>\n\t\t<\/section>\n\t\t\t\t\t\t<\/div>\n\t\t\t\t\t<\/div>\n\t\t","protected":false},"excerpt":{"rendered":"<p>Este cepillo de dientes\u00a0natural y sostenible\u00a0es apto para veganos, est\u00e1 fabricado en bamb\u00fa biodegradable y las cerdas son de Nylon 6. \u00a1Es el complemento perfecto para acompa\u00f1ar tu pasta de dientes natural Pure Freshness!\u00a0Elaborado en bamb\u00fa, una planta con una inigualable capacidad de crecimiento, flexible y resistente con\u00a0propiedades antibacterianas\u00a0que ayudan a evitar la proliferaci\u00f3n de &hellip; <\/p>\n","protected":false},"author":2,"featured_media":0,"parent":0,"menu_order":0,"comment_status":"closed","ping_status":"closed","template":"","meta":{"footnotes":""},"class_list":["post-894","page","type-page","status-publish","hentry"],"_links":{"self":[{"href":"https:\/\/web1.4vlab.org\/index.php\/wp-json\/wp\/v2\/pages\/894","targetHints":{"allow":["GET"]}}],"collection":[{"href":"https:\/\/web1.4vlab.org\/index.php\/wp-json\/wp\/v2\/pages"}],"about":[{"href":"https:\/\/web1.4vlab.org\/index.php\/wp-json\/wp\/v2\/types\/page"}],"author":[{"embeddable":true,"href":"https:\/\/web1.4vlab.org\/index.php\/wp-json\/wp\/v2\/users\/2"}],"replies":[{"embeddable":true,"href":"https:\/\/web1.4vlab.org\/index.php\/wp-json\/wp\/v2\/comments?post=894"}],"version-history":[{"count":4,"href":"https:\/\/web1.4vlab.org\/index.php\/wp-json\/wp\/v2\/pages\/894\/revisions"}],"predecessor-version":[{"id":902,"href":"https:\/\/web1.4vlab.org\/index.php\/wp-json\/wp\/v2\/pages\/894\/revisions\/902"}],"wp:attachment":[{"href":"https:\/\/web1.4vlab.org\/index.php\/wp-json\/wp\/v2\/media?parent=894"}],"curies":[{"name":"wp","href":"https:\/\/api.w.org\/{rel}","templated":true}]}}