{"id":907,"date":"2021-03-18T19:04:36","date_gmt":"2021-03-18T19:04:36","guid":{"rendered":"https:\/\/web1.4vlab.org\/?page_id=907"},"modified":"2021-03-18T22:09:59","modified_gmt":"2021-03-18T22:09:59","slug":"hilo-dental-biodegradable","status":"publish","type":"page","link":"https:\/\/web1.4vlab.org\/index.php\/hilo-dental-biodegradable\/","title":{"rendered":"HILO DENTAL BIODEGRADABLE"},"content":{"rendered":"\t\t<div data-elementor-type=\"wp-page\" data-elementor-id=\"907\" class=\"elementor elementor-907\" data-elementor-settings=\"[]\">\n\t\t\t\t\t\t\t<div class=\"elementor-section-wrap\">\n\t\t\t\t\t\t\t<section class=\"elementor-section elementor-top-section elementor-element elementor-element-c6bd66b elementor-section-boxed elementor-section-height-default elementor-section-height-default\" data-id=\"c6bd66b\" data-element_type=\"section\">\n\t\t\t\t\t\t<div class=\"elementor-container elementor-column-gap-default\">\n\t\t\t\t\t<div class=\"elementor-column elementor-col-100 elementor-top-column elementor-element elementor-element-3b09fe0\" data-id=\"3b09fe0\" data-element_type=\"column\">\n\t\t\t<div class=\"elementor-widget-wrap elementor-element-populated\">\n\t\t\t\t\t\t\t\t<div class=\"elementor-element elementor-element-83d6c6f elementor-widget elementor-widget-text-editor\" data-id=\"83d6c6f\" data-element_type=\"widget\" data-widget_type=\"text-editor.default\">\n\t\t\t\t<div class=\"elementor-widget-container\">\n\t\t\t\t\t<div class=\"elementor-text-editor elementor-clearfix\"><p>El\u00a0<strong>hilo dental<\/strong>\u00a0es imprescindible para la correcta higiene de\u00a0<strong>dientes y enc\u00edas<\/strong>. La seda dental que encontramos en los supermercados est\u00e1 hecha normalmente con pl\u00e1sticos como el nailon.<\/p><p>El\u00a0<a href=\"https:\/\/es.wikipedia.org\/wiki\/Nailon\" target=\"_blank\" rel=\"noopener noreferrer\">nailon<\/a>, al ser un derivado del petr\u00f3leo, es un material poco sostenible. Es contaminante. Con frecuencia acaba en el oc\u00e9ano, donde se degrada muy lentamente.<\/p><p>Las alternativas sostenible al hilo dental de nailon se producen con\u00a0<strong>fibras de bamb\u00fa<\/strong>\u00a0o\u00a0almid\u00f3n de ma\u00edz. Sin embargo, el hilo dental ecol\u00f3gico no tiene la resistencia del convencional. As\u00ed que si tus espacios interdentales son muy delgados, tal vez no te resulte \u00fatil.<\/p><p>La seda dental BIO est\u00e1 recubierta con cera natural, por ejemplo,\u00a0<a href=\"https:\/\/materialesecologicos.es\/cera-de-candelilla\/\">cera de candelilla<\/a>, para facilitar el deslizamiento entre los dientes. Como la de nailon, es ideal para eliminar los restos de comida de los intersticios y cavidades de las muelas.<\/p><p>Ma\u00edz y fibras de bamb\u00fa son dos los materiales naturales usados para fabricar seda dental biol\u00f3gica. Ambos son m\u00e1s respetuosas con el medio ambiente que el nailon, porque son biodegradables. Adem\u00e1s, al ser elementos org\u00e1nicos vegetales, su textura es m\u00e1s suave. Es decir, puede resultar m\u00e1s apropiada para personas con enc\u00edas sangrantes o sensibles.<\/p><p>Finalmente, para dar sabor y reducir el mal aliento, el hilo dental ecol\u00f3gico suele impregnarse con aceite esencial de menta u otros aceites vegetales.<\/p><p>Todos los hilos dentales ecol\u00f3gicos son biodegradables, pero no todos son veganos. Algunos productos usan seda aut\u00e9ntica (fibra natural obtenida del gusano de la mariposa\u00a0<em><a href=\"https:\/\/es.wikipedia.org\/wiki\/Bombyx_mori\" target=\"_blank\" rel=\"noreferrer noopener\">Bambyx mori<\/a><\/em>,\u00a0<strong>el gusano de la seda<\/strong>).<\/p><p>Por otro lado, se usa a veces\u00a0<strong>cera de abejas<\/strong>\u00a0como recubrimiento. Como alternativa, el hilo dental ecol\u00f3gicos vegano usa\u00a0<a href=\"https:\/\/es.wikipedia.org\/wiki\/Cera_de_Candelilla\" target=\"_blank\" rel=\"noopener noreferrer\">cera vegetal de candelilla<\/a>, igualmente efectiva y libre de explotaci\u00f3n animal.<\/p><\/div>\n\t\t\t\t<\/div>\n\t\t\t\t<\/div>\n\t\t\t\t\t<\/div>\n\t\t<\/div>\n\t\t\t\t\t\t\t<\/div>\n\t\t<\/section>\n\t\t\t\t<section class=\"elementor-section elementor-top-section elementor-element elementor-element-31bb5ca elementor-section-boxed elementor-section-height-default elementor-section-height-default\" data-id=\"31bb5ca\" data-element_type=\"section\">\n\t\t\t\t\t\t<div class=\"elementor-container elementor-column-gap-default\">\n\t\t\t\t\t<div class=\"elementor-column elementor-col-33 elementor-top-column elementor-element elementor-element-5cd7fa4\" data-id=\"5cd7fa4\" data-element_type=\"column\">\n\t\t\t<div class=\"elementor-widget-wrap elementor-element-populated\">\n\t\t\t\t\t\t\t\t<div class=\"elementor-element elementor-element-7bf6ea4 elementor-widget elementor-widget-image\" data-id=\"7bf6ea4\" data-element_type=\"widget\" data-widget_type=\"image.default\">\n\t\t\t\t<div class=\"elementor-widget-container\">\n\t\t\t\t\t<div class=\"elementor-image\">\n\t\t\t\t\t\t\t\t\t\t<img loading=\"lazy\" decoding=\"async\" width=\"300\" height=\"232\" src=\"https:\/\/web1.4vlab.org\/wp-content\/uploads\/2021\/03\/20.08.09-Floss-cart-image-1-300x232.jpg\" class=\"attachment-blossom-fashion-related size-blossom-fashion-related\" alt=\"\" srcset=\"https:\/\/web1.4vlab.org\/wp-content\/uploads\/2021\/03\/20.08.09-Floss-cart-image-1-300x232.jpg 300w, https:\/\/web1.4vlab.org\/wp-content\/uploads\/2021\/03\/20.08.09-Floss-cart-image-1-260x200.jpg 260w\" sizes=\"auto, (max-width: 300px) 100vw, 300px\" \/>\t\t\t\t\t\t\t\t\t\t\t<\/div>\n\t\t\t\t<\/div>\n\t\t\t\t<\/div>\n\t\t\t\t\t<\/div>\n\t\t<\/div>\n\t\t\t\t<div class=\"elementor-column elementor-col-33 elementor-top-column elementor-element elementor-element-23ea509\" data-id=\"23ea509\" data-element_type=\"column\">\n\t\t\t<div class=\"elementor-widget-wrap elementor-element-populated\">\n\t\t\t\t\t\t\t\t<div class=\"elementor-element elementor-element-9f0e613 elementor-widget elementor-widget-image\" data-id=\"9f0e613\" data-element_type=\"widget\" data-widget_type=\"image.default\">\n\t\t\t\t<div class=\"elementor-widget-container\">\n\t\t\t\t\t<div class=\"elementor-image\">\n\t\t\t\t\t\t\t\t\t\t<img loading=\"lazy\" decoding=\"async\" width=\"600\" height=\"423\" src=\"https:\/\/web1.4vlab.org\/wp-content\/uploads\/2021\/03\/20.08.09-Amara-Gif-01-Floss-Hands-Shorter-smaller_34493d78-a80d-4bba-8088-4052e760d984_grande.gif\" class=\"attachment-large size-large\" alt=\"\" \/>\t\t\t\t\t\t\t\t\t\t\t<\/div>\n\t\t\t\t<\/div>\n\t\t\t\t<\/div>\n\t\t\t\t\t<\/div>\n\t\t<\/div>\n\t\t\t\t<div class=\"elementor-column elementor-col-33 elementor-top-column elementor-element elementor-element-7e1afc0\" data-id=\"7e1afc0\" data-element_type=\"column\">\n\t\t\t<div class=\"elementor-widget-wrap elementor-element-populated\">\n\t\t\t\t\t\t\t\t<div class=\"elementor-element elementor-element-fb85e03 elementor-widget elementor-widget-image\" data-id=\"fb85e03\" data-element_type=\"widget\" data-widget_type=\"image.default\">\n\t\t\t\t<div class=\"elementor-widget-container\">\n\t\t\t\t\t<div class=\"elementor-image\">\n\t\t\t\t\t\t\t\t\t\t<img loading=\"lazy\" decoding=\"async\" width=\"925\" height=\"671\" src=\"https:\/\/web1.4vlab.org\/wp-content\/uploads\/2021\/03\/20.07.28_-_Floss_pre-launch4169-1024x743.png\" class=\"attachment-large size-large\" alt=\"\" srcset=\"https:\/\/web1.4vlab.org\/wp-content\/uploads\/2021\/03\/20.07.28_-_Floss_pre-launch4169-1024x743.png 1024w, https:\/\/web1.4vlab.org\/wp-content\/uploads\/2021\/03\/20.07.28_-_Floss_pre-launch4169-900x653.png 900w, https:\/\/web1.4vlab.org\/wp-content\/uploads\/2021\/03\/20.07.28_-_Floss_pre-launch4169-300x218.png 300w, https:\/\/web1.4vlab.org\/wp-content\/uploads\/2021\/03\/20.07.28_-_Floss_pre-launch4169-768x558.png 768w, https:\/\/web1.4vlab.org\/wp-content\/uploads\/2021\/03\/20.07.28_-_Floss_pre-launch4169-1536x1115.png 1536w, https:\/\/web1.4vlab.org\/wp-content\/uploads\/2021\/03\/20.07.28_-_Floss_pre-launch4169-83x60.png 83w, https:\/\/web1.4vlab.org\/wp-content\/uploads\/2021\/03\/20.07.28_-_Floss_pre-launch4169.png 2000w\" sizes=\"auto, (max-width: 925px) 100vw, 925px\" \/>\t\t\t\t\t\t\t\t\t\t\t<\/div>\n\t\t\t\t<\/div>\n\t\t\t\t<\/div>\n\t\t\t\t\t<\/div>\n\t\t<\/div>\n\t\t\t\t\t\t\t<\/div>\n\t\t<\/section>\n\t\t\t\t\t\t<\/div>\n\t\t\t\t\t<\/div>\n\t\t","protected":false},"excerpt":{"rendered":"<p>El\u00a0hilo dental\u00a0es imprescindible para la correcta higiene de\u00a0dientes y enc\u00edas. La seda dental que encontramos en los supermercados est\u00e1 hecha normalmente con pl\u00e1sticos como el nailon. El\u00a0nailon, al ser un derivado del petr\u00f3leo, es un material poco sostenible. Es contaminante. Con frecuencia acaba en el oc\u00e9ano, donde se degrada muy lentamente. Las alternativas sostenible al &hellip; <\/p>\n","protected":false},"author":2,"featured_media":0,"parent":0,"menu_order":0,"comment_status":"closed","ping_status":"closed","template":"","meta":{"footnotes":""},"class_list":["post-907","page","type-page","status-publish","hentry"],"_links":{"self":[{"href":"https:\/\/web1.4vlab.org\/index.php\/wp-json\/wp\/v2\/pages\/907","targetHints":{"allow":["GET"]}}],"collection":[{"href":"https:\/\/web1.4vlab.org\/index.php\/wp-json\/wp\/v2\/pages"}],"about":[{"href":"https:\/\/web1.4vlab.org\/index.php\/wp-json\/wp\/v2\/types\/page"}],"author":[{"embeddable":true,"href":"https:\/\/web1.4vlab.org\/index.php\/wp-json\/wp\/v2\/users\/2"}],"replies":[{"embeddable":true,"href":"https:\/\/web1.4vlab.org\/index.php\/wp-json\/wp\/v2\/comments?post=907"}],"version-history":[{"count":7,"href":"https:\/\/web1.4vlab.org\/index.php\/wp-json\/wp\/v2\/pages\/907\/revisions"}],"predecessor-version":[{"id":961,"href":"https:\/\/web1.4vlab.org\/index.php\/wp-json\/wp\/v2\/pages\/907\/revisions\/961"}],"wp:attachment":[{"href":"https:\/\/web1.4vlab.org\/index.php\/wp-json\/wp\/v2\/media?parent=907"}],"curies":[{"name":"wp","href":"https:\/\/api.w.org\/{rel}","templated":true}]}}