{"id":921,"date":"2021-03-18T19:15:58","date_gmt":"2021-03-18T19:15:58","guid":{"rendered":"https:\/\/web1.4vlab.org\/?page_id=921"},"modified":"2021-03-18T22:12:09","modified_gmt":"2021-03-18T22:12:09","slug":"pasta-de-dientes-biodegradables","status":"publish","type":"page","link":"https:\/\/web1.4vlab.org\/index.php\/pasta-de-dientes-biodegradables\/","title":{"rendered":"ENJUAGUE BUCAL ECO-FRIENDLY"},"content":{"rendered":"\t\t<div data-elementor-type=\"wp-page\" data-elementor-id=\"921\" class=\"elementor elementor-921\" data-elementor-settings=\"[]\">\n\t\t\t\t\t\t\t<div class=\"elementor-section-wrap\">\n\t\t\t\t\t\t\t<section class=\"elementor-section elementor-top-section elementor-element elementor-element-98d52cc elementor-section-boxed elementor-section-height-default elementor-section-height-default\" data-id=\"98d52cc\" data-element_type=\"section\">\n\t\t\t\t\t\t<div class=\"elementor-container elementor-column-gap-default\">\n\t\t\t\t\t<div class=\"elementor-column elementor-col-100 elementor-top-column elementor-element elementor-element-607332e\" data-id=\"607332e\" data-element_type=\"column\">\n\t\t\t<div class=\"elementor-widget-wrap elementor-element-populated\">\n\t\t\t\t\t\t\t\t<div class=\"elementor-element elementor-element-96050cd elementor-widget elementor-widget-text-editor\" data-id=\"96050cd\" data-element_type=\"widget\" data-widget_type=\"text-editor.default\">\n\t\t\t\t<div class=\"elementor-widget-container\">\n\t\t\t\t\t<div class=\"elementor-text-editor elementor-clearfix\"><p>En cuanto a<strong>\u00a0cepillos<\/strong>\u00a0hay multitud de opciones y tambi\u00e9n alternativas ecol\u00f3gicas y respetuosas con el medio ambiente. Una opci\u00f3n eco-friendly es utilizar un cepillo con cabezal reemplazable utilizando el mango durante m\u00e1s tiempo o usar cepillos hechos a base de materiales de origen vegetal, como el bamb\u00fa moso.<\/p><p>Es relevante elegir un<strong>\u00a0dent\u00edfrico<\/strong>\u00a0sin micropl\u00e1sticos y si es natural\/bio mejor.\u00a0<strong>Los micropl\u00e1sticos son part\u00edculas peque\u00f1as de pl\u00e1stico, de menos de 5mm, que no se disuelven ni se degradan en el agua y que a trav\u00e9s de los desag\u00fces acaban en los r\u00edos y en los oc\u00e9anos.<\/strong>\u00a0Son usados por su abrasividad, pues ayudan a limpiar por fricci\u00f3n. La Uni\u00f3n Europea est\u00e1 preparando una propuesta de ley para prohibir los micropl\u00e1sticos, ya que la ECHA (Agencia Europea de Sustancias y Mezclas Qu\u00edmicas) calcula que entre 10.000 y 60.000 toneladas de micropl\u00e1sticos \u00a0terminan da\u00f1ando el medio ambiente cada a\u00f1o.<\/p><p>Los dent\u00edfricos naturales\/bio certificados con avales como COSMOS, nunca contienen micropl\u00e1sticos ni otros ingredientes sint\u00e9ticos. Un dent\u00edfrico limpia y cuida dientes y enc\u00edas dejando la boca con una sensaci\u00f3n refrescante.\u00a0 Los dent\u00edfricos naturales\/bio certificados son ricos en principios activos de origen vegetal, como el\u00a0<strong>extracto de equin\u00e1cea Bio<\/strong>\u00a0que fortalece las enc\u00edas gracias a sus propiedades calmantes y antimicrobianas o la\u00a0<strong>menta Bio<\/strong>\u00a0que proporciona un efecto refrescante dejando un aliento fresco y duradero. Otro activo natural muy apreciado es el\u00a0<strong>pr\u00f3polis\u00a0<\/strong>que elimina las bacterias de la placa o el\u00a0<strong>carb\u00f3n activo<\/strong>, que tiene un gran poder de absorci\u00f3n y evita que la suciedad e impurezas se acumulen entre los dientes, ayudando a blanquearlos.<\/p><p>Los\u00a0<strong>dent\u00edfricos naturales\/bio<\/strong>\u00a0aportan un sabor dulce y agradable gracias a edulcorantes naturales como la stevia. Adem\u00e1s un dent\u00edfrico sin az\u00facares ayuda a que las bacterias que forman las caries no crezcan.<\/p><p>A diferencia de los dent\u00edfricos convencionales, los dent\u00edfricos naturales\/bio certificados s\u00f3lo usan aromas y fragancias naturales y tensioactivos suaves, evitando los tensioactivos con sulfatos.<\/p><p>Mantener una buena higiene bucal y utilizar productos naturales, cepillos dentales, hilo dental, colutorios y dent\u00edfricos naturales \/ bio certificados y respetuosos con el medio ambiente est\u00e1 al alcance de todos.<\/p><\/div>\n\t\t\t\t<\/div>\n\t\t\t\t<\/div>\n\t\t\t\t\t<\/div>\n\t\t<\/div>\n\t\t\t\t\t\t\t<\/div>\n\t\t<\/section>\n\t\t\t\t<section class=\"elementor-section elementor-top-section elementor-element elementor-element-567e4c8 elementor-section-boxed elementor-section-height-default elementor-section-height-default\" data-id=\"567e4c8\" data-element_type=\"section\">\n\t\t\t\t\t\t<div class=\"elementor-container elementor-column-gap-default\">\n\t\t\t\t\t<div class=\"elementor-column elementor-col-33 elementor-top-column elementor-element elementor-element-aee759c\" data-id=\"aee759c\" data-element_type=\"column\">\n\t\t\t<div class=\"elementor-widget-wrap elementor-element-populated\">\n\t\t\t\t\t\t\t\t<div class=\"elementor-element elementor-element-113e8c8 elementor-widget elementor-widget-image\" data-id=\"113e8c8\" data-element_type=\"widget\" data-widget_type=\"image.default\">\n\t\t\t\t<div class=\"elementor-widget-container\">\n\t\t\t\t\t<div class=\"elementor-image\">\n\t\t\t\t\t\t\t\t\t\t<img loading=\"lazy\" decoding=\"async\" width=\"728\" height=\"404\" src=\"https:\/\/web1.4vlab.org\/wp-content\/uploads\/2021\/03\/bite-toothpaste-pills-msn-1.jpg\" class=\"attachment-large size-large\" alt=\"\" srcset=\"https:\/\/web1.4vlab.org\/wp-content\/uploads\/2021\/03\/bite-toothpaste-pills-msn-1.jpg 728w, https:\/\/web1.4vlab.org\/wp-content\/uploads\/2021\/03\/bite-toothpaste-pills-msn-1-300x166.jpg 300w, https:\/\/web1.4vlab.org\/wp-content\/uploads\/2021\/03\/bite-toothpaste-pills-msn-1-108x60.jpg 108w, https:\/\/web1.4vlab.org\/wp-content\/uploads\/2021\/03\/bite-toothpaste-pills-msn-1-600x333.jpg 600w\" sizes=\"auto, (max-width: 728px) 100vw, 728px\" \/>\t\t\t\t\t\t\t\t\t\t\t<\/div>\n\t\t\t\t<\/div>\n\t\t\t\t<\/div>\n\t\t\t\t\t<\/div>\n\t\t<\/div>\n\t\t\t\t<div class=\"elementor-column elementor-col-33 elementor-top-column elementor-element elementor-element-435ef37\" data-id=\"435ef37\" data-element_type=\"column\">\n\t\t\t<div class=\"elementor-widget-wrap elementor-element-populated\">\n\t\t\t\t\t\t\t\t<div class=\"elementor-element elementor-element-b844b17 elementor-widget elementor-widget-image\" data-id=\"b844b17\" data-element_type=\"widget\" data-widget_type=\"image.default\">\n\t\t\t\t<div class=\"elementor-widget-container\">\n\t\t\t\t\t<div class=\"elementor-image\">\n\t\t\t\t\t\t\t\t\t\t<img loading=\"lazy\" decoding=\"async\" width=\"200\" height=\"158\" src=\"https:\/\/web1.4vlab.org\/wp-content\/uploads\/2021\/03\/200w.gif\" class=\"attachment-large size-large\" alt=\"\" \/>\t\t\t\t\t\t\t\t\t\t\t<\/div>\n\t\t\t\t<\/div>\n\t\t\t\t<\/div>\n\t\t\t\t\t<\/div>\n\t\t<\/div>\n\t\t\t\t<div class=\"elementor-column elementor-col-33 elementor-top-column elementor-element elementor-element-16804ff\" data-id=\"16804ff\" data-element_type=\"column\">\n\t\t\t<div class=\"elementor-widget-wrap elementor-element-populated\">\n\t\t\t\t\t\t\t\t<div class=\"elementor-element elementor-element-32fb0d3 elementor-widget elementor-widget-image\" data-id=\"32fb0d3\" data-element_type=\"widget\" data-widget_type=\"image.default\">\n\t\t\t\t<div class=\"elementor-widget-container\">\n\t\t\t\t\t<div class=\"elementor-image\">\n\t\t\t\t\t\t\t\t\t\t<img loading=\"lazy\" decoding=\"async\" width=\"925\" height=\"540\" src=\"https:\/\/web1.4vlab.org\/wp-content\/uploads\/2021\/03\/01986f3828745b28df29dd016ce34e81-925x540.jpg\" class=\"attachment-blossom-fashion-with-sidebar size-blossom-fashion-with-sidebar\" alt=\"\" \/>\t\t\t\t\t\t\t\t\t\t\t<\/div>\n\t\t\t\t<\/div>\n\t\t\t\t<\/div>\n\t\t\t\t\t<\/div>\n\t\t<\/div>\n\t\t\t\t\t\t\t<\/div>\n\t\t<\/section>\n\t\t\t\t\t\t<\/div>\n\t\t\t\t\t<\/div>\n\t\t","protected":false},"excerpt":{"rendered":"<p>En cuanto a&nbsp;cepillos&nbsp;hay multitud de opciones y tambi\u00e9n alternativas ecol\u00f3gicas y respetuosas con el medio ambiente. Una opci\u00f3n eco-friendly es utilizar un cepillo con cabezal reemplazable utilizando el mango durante m\u00e1s tiempo o usar cepillos hechos a base de materiales de origen vegetal, como el bamb\u00fa moso. Es relevante elegir un&nbsp;dent\u00edfrico&nbsp;sin micropl\u00e1sticos y si es &hellip; <\/p>\n","protected":false},"author":2,"featured_media":0,"parent":0,"menu_order":0,"comment_status":"closed","ping_status":"closed","template":"","meta":{"footnotes":""},"class_list":["post-921","page","type-page","status-publish","hentry"],"_links":{"self":[{"href":"https:\/\/web1.4vlab.org\/index.php\/wp-json\/wp\/v2\/pages\/921","targetHints":{"allow":["GET"]}}],"collection":[{"href":"https:\/\/web1.4vlab.org\/index.php\/wp-json\/wp\/v2\/pages"}],"about":[{"href":"https:\/\/web1.4vlab.org\/index.php\/wp-json\/wp\/v2\/types\/page"}],"author":[{"embeddable":true,"href":"https:\/\/web1.4vlab.org\/index.php\/wp-json\/wp\/v2\/users\/2"}],"replies":[{"embeddable":true,"href":"https:\/\/web1.4vlab.org\/index.php\/wp-json\/wp\/v2\/comments?post=921"}],"version-history":[{"count":12,"href":"https:\/\/web1.4vlab.org\/index.php\/wp-json\/wp\/v2\/pages\/921\/revisions"}],"predecessor-version":[{"id":966,"href":"https:\/\/web1.4vlab.org\/index.php\/wp-json\/wp\/v2\/pages\/921\/revisions\/966"}],"wp:attachment":[{"href":"https:\/\/web1.4vlab.org\/index.php\/wp-json\/wp\/v2\/media?parent=921"}],"curies":[{"name":"wp","href":"https:\/\/api.w.org\/{rel}","templated":true}]}}